{"id":1159,"date":"2025-07-05T04:55:42","date_gmt":"2025-07-05T02:55:42","guid":{"rendered":"https:\/\/dtg-globalsupply.de\/?page_id=1159"},"modified":"2025-08-16T10:24:03","modified_gmt":"2025-08-16T08:24:03","slug":"impressum","status":"publish","type":"page","link":"https:\/\/dtg-globalsupply.de\/en\/impressum\/","title":{"rendered":"imprint"},"content":{"rendered":"<div data-elementor-type=\"wp-page\" data-elementor-id=\"1159\" class=\"elementor elementor-1159\">\n\t\t\t\t<div class=\"elementor-element elementor-element-245960b e-flex e-con-boxed e-con e-parent\" data-id=\"245960b\" data-element_type=\"container\" data-e-type=\"container\">\n\t\t\t\t\t<div class=\"e-con-inner\">\n\t\t\t\t<div class=\"elementor-element elementor-element-65c931a elementor-widget elementor-widget-heading\" data-id=\"65c931a\" data-element_type=\"widget\" data-e-type=\"widget\" data-widget_type=\"heading.default\">\n\t\t\t\t<div class=\"elementor-widget-container\">\n\t\t\t\t\t<h2 class=\"elementor-heading-title elementor-size-default\">imprint<\/h2>\t\t\t\t<\/div>\n\t\t\t\t<\/div>\n\t\t\t\t\t<\/div>\n\t\t\t\t<\/div>\n\t\t<div class=\"elementor-element elementor-element-b4a8d80 e-flex e-con-boxed e-con e-parent\" data-id=\"b4a8d80\" data-element_type=\"container\" data-e-type=\"container\">\n\t\t\t\t\t<div class=\"e-con-inner\">\n\t\t\t\t<div class=\"elementor-element elementor-element-1ea3059 elementor-widget elementor-widget-text-editor\" data-id=\"1ea3059\" data-element_type=\"widget\" data-e-type=\"widget\" data-widget_type=\"text-editor.default\">\n\t\t\t\t<div class=\"elementor-widget-container\">\n\t\t\t\t\t\t\t\t\t<h3 data-start=\"114\" data-end=\"140\">Information according to \u00a7 5 TMG<\/h3><p data-start=\"141\" data-end=\"213\"><strong data-start=\"141\" data-end=\"164\">DTG Industries GmbH<\/strong><br data-start=\"164\" data-end=\"167\" \/>Haydnstrasse 4<br data-start=\"180\" data-end=\"183\" \/>90491 Nuremberg<br data-start=\"197\" data-end=\"200\" \/>Germany<\/p><p data-start=\"215\" data-end=\"259\">Represented by:<br data-start=\"231\" data-end=\"234\" \/><strong data-start=\"234\" data-end=\"259\">Dr. Torsten Grundmann<\/strong><\/p><hr data-start=\"261\" data-end=\"264\" \/><h3 data-start=\"266\" data-end=\"278\">contact<\/h3><p data-start=\"279\" data-end=\"342\">E-mail: <a class=\"cursor-pointer\" rel=\"noopener\" data-start=\"287\" data-end=\"309\">info@dtg-industries.de<\/a><br data-start=\"309\" data-end=\"312\" \/>Website: <a class=\"\" href=\"http:\/\/www.dtg-industries.de\" target=\"_new\" rel=\"noopener\" data-start=\"321\" data-end=\"342\">www.dtg-industries.de<\/a><\/p><hr data-start=\"344\" data-end=\"347\" \/><h3 data-start=\"349\" data-end=\"369\">Register entry<\/h3><p data-start=\"370\" data-end=\"472\">Entry in the commercial register.<br data-start=\"400\" data-end=\"403\" \/>Register court: Nuremberg District Court<br data-start=\"440\" data-end=\"443\" \/>Registration number: <strong data-start=\"459\" data-end=\"472\">HRB 44628<\/strong><\/p><hr data-start=\"474\" data-end=\"477\" \/><h3 data-start=\"479\" data-end=\"499\">VAT ID<\/h3><p data-start=\"500\" data-end=\"589\">VAT identification number according to Section 27a of the VAT Act:<br data-start=\"567\" data-end=\"570\" \/><em data-start=\"570\" data-end=\"589\">will be given later<\/em><\/p><hr data-start=\"591\" data-end=\"594\" \/><h3 data-start=\"596\" data-end=\"652\">Responsible for the content according to \u00a7 55 para. 2 RStV<\/h3><p data-start=\"653\" data-end=\"711\"><strong data-start=\"653\" data-end=\"678\">Dr. Torsten Grundmann<\/strong><br data-start=\"678\" data-end=\"681\" \/>Haydnstrasse 4<br data-start=\"694\" data-end=\"697\" \/>90491 Nuremberg<\/p><hr data-start=\"713\" data-end=\"716\" \/><h3 data-start=\"718\" data-end=\"754\">Disclaimer<\/h3><p data-start=\"755\" data-end=\"944\">Despite careful control of the content, we assume no liability for the content of external links.<br data-start=\"857\" data-end=\"860\" \/>The operators of linked pages are solely responsible for their content.<\/p>\t\t\t\t\t\t\t\t<\/div>\n\t\t\t\t<\/div>\n\t\t\t\t\t<\/div>\n\t\t\t\t<\/div>\n\t\t\t\t<\/div>","protected":false},"excerpt":{"rendered":"<p>Impressum Angaben gem\u00e4\u00df \u00a7 5 TMG DTG Industries GmbHHaydnstra\u00dfe 490491 N\u00fcrnbergDeutschland Vertreten durch:Dr. Torsten Grundmann Kontakt E-Mail: info@dtg-industries.deWebsite: www.dtg-industries.de Registereintrag Eintragung im Handelsregister.Registergericht: Amtsgericht N\u00fcrnbergRegisternummer: HRB 44628 Umsatzsteuer-ID Umsatzsteuer-Identifikationsnummer gem\u00e4\u00df \u00a7 27 a Umsatzsteuergesetz:wird nachgereicht Verantwortlich f\u00fcr den Inhalt nach \u00a7 55 Abs. 2 RStV Dr. Torsten GrundmannHaydnstra\u00dfe 490491 N\u00fcrnberg Haftungsausschluss (Disclaimer) Trotz sorgf\u00e4ltiger inhaltlicher [&hellip;]<\/p>\n","protected":false},"author":1,"featured_media":0,"parent":0,"menu_order":12,"comment_status":"closed","ping_status":"closed","template":"","meta":{"site-sidebar-layout":"no-sidebar","site-content-layout":"page-builder","ast-site-content-layout":"full-width-container","site-content-style":"default","site-sidebar-style":"default","ast-global-header-display":"","ast-banner-title-visibility":"","ast-main-header-display":"","ast-hfb-above-header-display":"","ast-hfb-below-header-display":"","ast-hfb-mobile-header-display":"","site-post-title":"disabled","ast-breadcrumbs-content":"","ast-featured-img":"disabled","footer-sml-layout":"","ast-disable-related-posts":"","theme-transparent-header-meta":"","adv-header-id-meta":"","stick-header-meta":"","header-above-stick-meta":"","header-main-stick-meta":"","header-below-stick-meta":"","astra-migrate-meta-layouts":"set","ast-page-background-enabled":"default","ast-page-background-meta":{"desktop":{"background-color":"","background-image":"","background-repeat":"repeat","background-position":"center center","background-size":"auto","background-attachment":"scroll","background-type":"","background-media":"","overlay-type":"","overlay-color":"","overlay-opacity":"","overlay-gradient":""},"tablet":{"background-color":"","background-image":"","background-repeat":"repeat","background-position":"center center","background-size":"auto","background-attachment":"scroll","background-type":"","background-media":"","overlay-type":"","overlay-color":"","overlay-opacity":"","overlay-gradient":""},"mobile":{"background-color":"","background-image":"","background-repeat":"repeat","background-position":"center center","background-size":"auto","background-attachment":"scroll","background-type":"","background-media":"","overlay-type":"","overlay-color":"","overlay-opacity":"","overlay-gradient":""}},"ast-content-background-meta":{"desktop":{"background-color":"var(--ast-global-color-5)","background-image":"","background-repeat":"repeat","background-position":"center center","background-size":"auto","background-attachment":"scroll","background-type":"","background-media":"","overlay-type":"","overlay-color":"","overlay-opacity":"","overlay-gradient":""},"tablet":{"background-color":"var(--ast-global-color-5)","background-image":"","background-repeat":"repeat","background-position":"center center","background-size":"auto","background-attachment":"scroll","background-type":"","background-media":"","overlay-type":"","overlay-color":"","overlay-opacity":"","overlay-gradient":""},"mobile":{"background-color":"var(--ast-global-color-5)","background-image":"","background-repeat":"repeat","background-position":"center center","background-size":"auto","background-attachment":"scroll","background-type":"","background-media":"","overlay-type":"","overlay-color":"","overlay-opacity":"","overlay-gradient":""}},"footnotes":""},"class_list":["post-1159","page","type-page","status-publish","hentry"],"yoast_head":"<!-- This site is optimized with the Yoast SEO plugin v27.4 - https:\/\/yoast.com\/product\/yoast-seo-wordpress\/ -->\n<title>Impressum - DTG Global Supply<\/title>\n<meta name=\"robots\" content=\"index, follow, max-snippet:-1, max-image-preview:large, max-video-preview:-1\" \/>\n<link rel=\"canonical\" href=\"https:\/\/dtg-globalsupply.de\/en\/impressum\/\" \/>\n<meta property=\"og:locale\" content=\"en_GB\" \/>\n<meta property=\"og:type\" content=\"article\" \/>\n<meta property=\"og:title\" content=\"Impressum - DTG Global Supply\" \/>\n<meta property=\"og:description\" content=\"Impressum Angaben gem\u00e4\u00df \u00a7 5 TMG DTG Industries GmbHHaydnstra\u00dfe 490491 N\u00fcrnbergDeutschland Vertreten durch:Dr. Torsten Grundmann Kontakt E-Mail: info@dtg-industries.deWebsite: www.dtg-industries.de Registereintrag Eintragung im Handelsregister.Registergericht: Amtsgericht N\u00fcrnbergRegisternummer: HRB 44628 Umsatzsteuer-ID Umsatzsteuer-Identifikationsnummer gem\u00e4\u00df \u00a7 27 a Umsatzsteuergesetz:wird nachgereicht Verantwortlich f\u00fcr den Inhalt nach \u00a7 55 Abs. 2 RStV Dr. Torsten GrundmannHaydnstra\u00dfe 490491 N\u00fcrnberg Haftungsausschluss (Disclaimer) Trotz sorgf\u00e4ltiger inhaltlicher [&hellip;]\" \/>\n<meta property=\"og:url\" content=\"https:\/\/dtg-globalsupply.de\/en\/impressum\/\" \/>\n<meta property=\"og:site_name\" content=\"DTG Global Supply\" \/>\n<meta property=\"article:modified_time\" content=\"2025-08-16T08:24:03+00:00\" \/>\n<meta name=\"twitter:card\" content=\"summary_large_image\" \/>\n<meta name=\"twitter:label1\" content=\"Estimated reading time\" \/>\n\t<meta name=\"twitter:data1\" content=\"1 minute\" \/>\n<script type=\"application\/ld+json\" class=\"yoast-schema-graph\">{\"@context\":\"https:\\\/\\\/schema.org\",\"@graph\":[{\"@type\":\"WebPage\",\"@id\":\"https:\\\/\\\/dtg-globalsupply.de\\\/en\\\/impressum\\\/\",\"url\":\"https:\\\/\\\/dtg-globalsupply.de\\\/en\\\/impressum\\\/\",\"name\":\"Impressum - DTG Global Supply\",\"isPartOf\":{\"@id\":\"https:\\\/\\\/dtg-globalsupply.de\\\/#website\"},\"datePublished\":\"2025-07-05T02:55:42+00:00\",\"dateModified\":\"2025-08-16T08:24:03+00:00\",\"breadcrumb\":{\"@id\":\"https:\\\/\\\/dtg-globalsupply.de\\\/en\\\/impressum\\\/#breadcrumb\"},\"inLanguage\":\"en-GB\",\"potentialAction\":[{\"@type\":\"ReadAction\",\"target\":[\"https:\\\/\\\/dtg-globalsupply.de\\\/en\\\/impressum\\\/\"]}]},{\"@type\":\"BreadcrumbList\",\"@id\":\"https:\\\/\\\/dtg-globalsupply.de\\\/en\\\/impressum\\\/#breadcrumb\",\"itemListElement\":[{\"@type\":\"ListItem\",\"position\":1,\"name\":\"Startseite\",\"item\":\"https:\\\/\\\/dtg-globalsupply.de\\\/\"},{\"@type\":\"ListItem\",\"position\":2,\"name\":\"Impressum\"}]},{\"@type\":\"WebSite\",\"@id\":\"https:\\\/\\\/dtg-globalsupply.de\\\/#website\",\"url\":\"https:\\\/\\\/dtg-globalsupply.de\\\/\",\"name\":\"dtg-metalltechnik\",\"description\":\"Ihr Partner f&uuml;r die Fertigung in China\",\"publisher\":{\"@id\":\"https:\\\/\\\/dtg-globalsupply.de\\\/#organization\"},\"potentialAction\":[{\"@type\":\"SearchAction\",\"target\":{\"@type\":\"EntryPoint\",\"urlTemplate\":\"https:\\\/\\\/dtg-globalsupply.de\\\/?s={search_term_string}\"},\"query-input\":{\"@type\":\"PropertyValueSpecification\",\"valueRequired\":true,\"valueName\":\"search_term_string\"}}],\"inLanguage\":\"en-GB\"},{\"@type\":\"Organization\",\"@id\":\"https:\\\/\\\/dtg-globalsupply.de\\\/#organization\",\"name\":\"dtg-metalltechnik\",\"url\":\"https:\\\/\\\/dtg-globalsupply.de\\\/\",\"logo\":{\"@type\":\"ImageObject\",\"inLanguage\":\"en-GB\",\"@id\":\"https:\\\/\\\/dtg-globalsupply.de\\\/#\\\/schema\\\/logo\\\/image\\\/\",\"url\":\"https:\\\/\\\/dtg-globalsupply.de\\\/wp-content\\\/uploads\\\/2025\\\/11\\\/cropped-GS-scaled-1.jpg\",\"contentUrl\":\"https:\\\/\\\/dtg-globalsupply.de\\\/wp-content\\\/uploads\\\/2025\\\/11\\\/cropped-GS-scaled-1.jpg\",\"width\":512,\"height\":512,\"caption\":\"dtg-metalltechnik\"},\"image\":{\"@id\":\"https:\\\/\\\/dtg-globalsupply.de\\\/#\\\/schema\\\/logo\\\/image\\\/\"}}]}<\/script>\n<!-- \/ Yoast SEO plugin. -->","yoast_head_json":{"title":"Impressum - DTG Global Supply","robots":{"index":"index","follow":"follow","max-snippet":"max-snippet:-1","max-image-preview":"max-image-preview:large","max-video-preview":"max-video-preview:-1"},"canonical":"https:\/\/dtg-globalsupply.de\/en\/impressum\/","og_locale":"en_GB","og_type":"article","og_title":"Impressum - DTG Global Supply","og_description":"Impressum Angaben gem\u00e4\u00df \u00a7 5 TMG DTG Industries GmbHHaydnstra\u00dfe 490491 N\u00fcrnbergDeutschland Vertreten durch:Dr. Torsten Grundmann Kontakt E-Mail: info@dtg-industries.deWebsite: www.dtg-industries.de Registereintrag Eintragung im Handelsregister.Registergericht: Amtsgericht N\u00fcrnbergRegisternummer: HRB 44628 Umsatzsteuer-ID Umsatzsteuer-Identifikationsnummer gem\u00e4\u00df \u00a7 27 a Umsatzsteuergesetz:wird nachgereicht Verantwortlich f\u00fcr den Inhalt nach \u00a7 55 Abs. 2 RStV Dr. Torsten GrundmannHaydnstra\u00dfe 490491 N\u00fcrnberg Haftungsausschluss (Disclaimer) Trotz sorgf\u00e4ltiger inhaltlicher [&hellip;]","og_url":"https:\/\/dtg-globalsupply.de\/en\/impressum\/","og_site_name":"DTG Global Supply","article_modified_time":"2025-08-16T08:24:03+00:00","twitter_card":"summary_large_image","twitter_misc":{"Estimated reading time":"1 minute"},"schema":{"@context":"https:\/\/schema.org","@graph":[{"@type":"WebPage","@id":"https:\/\/dtg-globalsupply.de\/en\/impressum\/","url":"https:\/\/dtg-globalsupply.de\/en\/impressum\/","name":"Impressum - DTG Global Supply","isPartOf":{"@id":"https:\/\/dtg-globalsupply.de\/#website"},"datePublished":"2025-07-05T02:55:42+00:00","dateModified":"2025-08-16T08:24:03+00:00","breadcrumb":{"@id":"https:\/\/dtg-globalsupply.de\/en\/impressum\/#breadcrumb"},"inLanguage":"en-GB","potentialAction":[{"@type":"ReadAction","target":["https:\/\/dtg-globalsupply.de\/en\/impressum\/"]}]},{"@type":"BreadcrumbList","@id":"https:\/\/dtg-globalsupply.de\/en\/impressum\/#breadcrumb","itemListElement":[{"@type":"ListItem","position":1,"name":"Startseite","item":"https:\/\/dtg-globalsupply.de\/"},{"@type":"ListItem","position":2,"name":"Impressum"}]},{"@type":"WebSite","@id":"https:\/\/dtg-globalsupply.de\/#website","url":"https:\/\/dtg-globalsupply.de\/","name":"dtg-metal technology","description":"Ihr Partner f&uuml;r die Fertigung in China","publisher":{"@id":"https:\/\/dtg-globalsupply.de\/#organization"},"potentialAction":[{"@type":"SearchAction","target":{"@type":"EntryPoint","urlTemplate":"https:\/\/dtg-globalsupply.de\/?s={search_term_string}"},"query-input":{"@type":"PropertyValueSpecification","valueRequired":true,"valueName":"search_term_string"}}],"inLanguage":"en-GB"},{"@type":"Organization","@id":"https:\/\/dtg-globalsupply.de\/#organization","name":"dtg-metal technology","url":"https:\/\/dtg-globalsupply.de\/","logo":{"@type":"ImageObject","inLanguage":"en-GB","@id":"https:\/\/dtg-globalsupply.de\/#\/schema\/logo\/image\/","url":"https:\/\/dtg-globalsupply.de\/wp-content\/uploads\/2025\/11\/cropped-GS-scaled-1.jpg","contentUrl":"https:\/\/dtg-globalsupply.de\/wp-content\/uploads\/2025\/11\/cropped-GS-scaled-1.jpg","width":512,"height":512,"caption":"dtg-metalltechnik"},"image":{"@id":"https:\/\/dtg-globalsupply.de\/#\/schema\/logo\/image\/"}}]}},"_links":{"self":[{"href":"https:\/\/dtg-globalsupply.de\/en\/wp-json\/wp\/v2\/pages\/1159","targetHints":{"allow":["GET"]}}],"collection":[{"href":"https:\/\/dtg-globalsupply.de\/en\/wp-json\/wp\/v2\/pages"}],"about":[{"href":"https:\/\/dtg-globalsupply.de\/en\/wp-json\/wp\/v2\/types\/page"}],"author":[{"embeddable":true,"href":"https:\/\/dtg-globalsupply.de\/en\/wp-json\/wp\/v2\/users\/1"}],"replies":[{"embeddable":true,"href":"https:\/\/dtg-globalsupply.de\/en\/wp-json\/wp\/v2\/comments?post=1159"}],"version-history":[{"count":11,"href":"https:\/\/dtg-globalsupply.de\/en\/wp-json\/wp\/v2\/pages\/1159\/revisions"}],"predecessor-version":[{"id":1406,"href":"https:\/\/dtg-globalsupply.de\/en\/wp-json\/wp\/v2\/pages\/1159\/revisions\/1406"}],"wp:attachment":[{"href":"https:\/\/dtg-globalsupply.de\/en\/wp-json\/wp\/v2\/media?parent=1159"}],"curies":[{"name":"wp","href":"https:\/\/api.w.org\/{rel}","templated":true}]}}