{"id":3,"date":"2025-06-29T21:29:57","date_gmt":"2025-06-29T19:29:57","guid":{"rendered":"https:\/\/dtg-globalsupply.de\/?page_id=3"},"modified":"2025-08-16T10:28:18","modified_gmt":"2025-08-16T08:28:18","slug":"datenschutzerklaerung","status":"publish","type":"page","link":"https:\/\/dtg-globalsupply.de\/en\/datenschutzerklaerung\/","title":{"rendered":"Privacy Policy"},"content":{"rendered":"<div data-elementor-type=\"wp-page\" data-elementor-id=\"3\" class=\"elementor elementor-3\">\n\t\t\t\t<div class=\"elementor-element elementor-element-7b4cba0 e-flex e-con-boxed e-con e-parent\" data-id=\"7b4cba0\" data-element_type=\"container\" data-e-type=\"container\">\n\t\t\t\t\t<div class=\"e-con-inner\">\n\t\t\t\t<div class=\"elementor-element elementor-element-2bd46ba elementor-widget elementor-widget-heading\" data-id=\"2bd46ba\" data-element_type=\"widget\" data-e-type=\"widget\" data-widget_type=\"heading.default\">\n\t\t\t\t<div class=\"elementor-widget-container\">\n\t\t\t\t\t<h2 class=\"elementor-heading-title elementor-size-default\">Privacy Policy<\/h2>\t\t\t\t<\/div>\n\t\t\t\t<\/div>\n\t\t\t\t\t<\/div>\n\t\t\t\t<\/div>\n\t\t<div class=\"elementor-element elementor-element-75054508 e-flex e-con-boxed e-con e-parent\" data-id=\"75054508\" data-element_type=\"container\" data-e-type=\"container\">\n\t\t\t\t\t<div class=\"e-con-inner\">\n\t\t\t\t<div class=\"elementor-element elementor-element-c3b0aab elementor-widget elementor-widget-text-editor\" data-id=\"c3b0aab\" data-element_type=\"widget\" data-e-type=\"widget\" data-widget_type=\"text-editor.default\">\n\t\t\t\t<div class=\"elementor-widget-container\">\n\t\t\t\t\t\t\t\t\t<p><\/p>\n<h3 class=\"wp-block-heading\">1. General information<\/h3>\n<p data-start=\"253\" data-end=\"391\">This privacy policy informs you about the nature, scope and purpose of the processing of personal data on our website.<\/p>\n<p data-start=\"393\" data-end=\"542\"><strong data-start=\"393\" data-end=\"413\">Person responsible<\/strong><br data-start=\"413\" data-end=\"416\" \/>DTG Industries GmbH<br data-start=\"435\" data-end=\"438\" \/>Haydnstrasse 4<br data-start=\"451\" data-end=\"454\" \/>90491 Nuremberg<br data-start=\"468\" data-end=\"471\" \/>E-mail: <a class=\"cursor-pointer\" rel=\"noopener\" data-start=\"479\" data-end=\"501\">info@dtg-industries.de<\/a><br data-start=\"501\" data-end=\"504\" \/>Represented by: Dr. Torsten Grundmann<\/p>\n<hr data-start=\"544\" data-end=\"547\" \/>\n<h3 data-start=\"549\" data-end=\"562\">2. Hosting<\/h3>\n<p data-start=\"564\" data-end=\"762\">Our website is used by the <strong data-start=\"592\" data-end=\"614\">DomainFactory GmbH<\/strong> hosted. The provider processes personal data on our behalf based on a data processing agreement pursuant to Art. 28 GDPR.<\/p>\n<p data-start=\"764\" data-end=\"953\">The servers are located within the EU. Further information on DomainFactory&#039;s privacy policy can be found at:<br data-start=\"880\" data-end=\"883\" \/><a class=\"cursor-pointer\" target=\"_new\" rel=\"noopener\" data-start=\"883\" data-end=\"953\">https:\/\/www.df.eu\/de\/datenschutz\/<\/a><\/p>\n<hr data-start=\"955\" data-end=\"958\" \/>\n<h3 data-start=\"960\" data-end=\"1055\">3. Collection and storage of personal data and the nature and purpose of their use<\/h3>\n<p>\u00a0<\/p>\n<h5 data-start=\"1057\" data-end=\"1089\">a) When you visit the website<\/h5>\n<p data-start=\"1090\" data-end=\"1321\">When you visit our website, your device&#039;s browser automatically sends information to our website server. This information is temporarily stored in a so-called log file. This includes:<\/p>\n<ul>\n<li data-start=\"1325\" data-end=\"1362\">IP address of the requesting computer<\/li>\n<li data-start=\"1365\" data-end=\"1397\">Date and time of access<\/li>\n<li data-start=\"1400\" data-end=\"1436\">Name and URL of the retrieved file<\/li>\n<li data-start=\"1439\" data-end=\"1496\">Website from which access is made (referrer URL)<\/li>\n<li data-start=\"1499\" data-end=\"1563\">browser used and, if applicable, the operating system of your computer<\/li>\n<li data-start=\"1566\" data-end=\"1591\">Name of the access provider<\/li>\n<\/ul>\n<p data-start=\"1593\" data-end=\"1743\">This data is processed to ensure a smooth connection setup and system security (Art. 6 (1) (f) GDPR).<\/p>\n<hr data-start=\"1745\" data-end=\"1748\" \/>\n<h5 data-start=\"1750\" data-end=\"1774\">b) Contact form<\/h5>\n<p data-start=\"1775\" data-end=\"1970\">If you contact us using the form provided, your information will be processed to process your request. The required information typically includes your name, email address, and message.<\/p>\n<p data-start=\"1972\" data-end=\"2076\">Legal basis: Art. 6 (1) (b) GDPR (pre-contractual measure or execution of a contract).<\/p>\n<hr data-start=\"2078\" data-end=\"2081\" \/>\n<h3 data-start=\"2083\" data-end=\"2117\">4. Use of Google Analytics<\/h3>\n<p data-start=\"2119\" data-end=\"2269\">This website uses <strong data-start=\"2139\" data-end=\"2159\">Google Analytics<\/strong>, a web analysis service of Google Ireland Limited (\u201cGoogle\u201d), Gordon House, Barrow Street, Dublin 4, Ireland.<\/p>\n<p data-start=\"2271\" data-end=\"2616\">Google uses cookies to help analyze website usage. The information generated by the cookie about your use of the website is usually transferred to a Google server in the US and stored there. IP anonymization is activated on this website, so your IP address will be shortened within the EU.<\/p>\n<p data-start=\"2618\" data-end=\"2711\">Legal basis for processing: Your <strong data-start=\"2661\" data-end=\"2677\">consent<\/strong> pursuant to Art. 6 (1) (a) GDPR.<\/p>\n<p data-start=\"2713\" data-end=\"2792\">You can revoke your consent at any time using the Cookie Consent Tool.<\/p>\n<p data-start=\"2794\" data-end=\"2891\">Further information:<br \/><a class=\"cursor-pointer\" target=\"_new\" rel=\"noopener\" data-start=\"2817\" data-end=\"2891\">https:\/\/policies.google.com\/privacy<\/a><\/p>\n<hr data-start=\"2893\" data-end=\"2896\" \/>\n<h3 data-start=\"2898\" data-end=\"2920\">5. Google reCAPTCHA<\/h3>\n<p data-start=\"2922\" data-end=\"3176\">To protect against misuse when submitting forms, we use the service <strong data-start=\"3009\" data-end=\"3029\">Google reCAPTCHA<\/strong> Google Ireland Limited. This checks whether the input was made by a human or abusively through automated processing.<\/p>\n<p data-start=\"3178\" data-end=\"3287\">Legal basis: Art. 6 (1) (f) GDPR \u2013 our legitimate interest in the security of our website.<\/p>\n<p data-start=\"3289\" data-end=\"3476\">Details can be found at:<br data-start=\"3314\" data-end=\"3317\" \/><a class=\"cursor-pointer\" target=\"_new\" rel=\"noopener\" data-start=\"3317\" data-end=\"3399\">https:\/\/www.google.com\/recaptcha\/about\/<\/a><br data-start=\"3399\" data-end=\"3402\" \/><a class=\"cursor-pointer\" target=\"_new\" rel=\"noopener\" data-start=\"3402\" data-end=\"3476\">https:\/\/policies.google.com\/privacy<\/a><\/p>\n<hr data-start=\"3478\" data-end=\"3481\" \/>\n<h3 data-start=\"3483\" data-end=\"3496\">6. Cookies<\/h3>\n<p data-start=\"3498\" data-end=\"3757\">This website uses cookies. Cookies are small text files that are stored on your device. Most of the cookies used are technically necessary (e.g., to operate the contact form or to save your cookie settings).<\/p>\n<p data-start=\"3759\" data-end=\"3919\"><strong data-start=\"3759\" data-end=\"3826\">Non-technically necessary cookies (e.g. for Google Analytics)<\/strong> become <strong data-start=\"3834\" data-end=\"3879\">only with your express consent<\/strong> set (via the cookie consent tool).<\/p>\n<hr data-start=\"3921\" data-end=\"3924\" \/>\n<h3 data-start=\"3926\" data-end=\"3949\">7. Rights of data subjects<\/h3>\n<p data-start=\"3951\" data-end=\"3971\">You have the right:<\/p>\n<ul>\n<li data-start=\"3975\" data-end=\"4047\">to request information about your stored data in accordance with Art. 15 GDPR,<\/li>\n<li data-start=\"3975\" data-end=\"4047\">to request correction of inaccurate or incomplete data in accordance with Art. 16 GDPR,<\/li>\n<li data-start=\"4146\" data-end=\"4204\">to request the deletion of your data in accordance with Art. 17 GDPR,<\/li>\n<li data-start=\"4207\" data-end=\"4275\">to request the restriction of processing pursuant to Art. 18 GDPR,<\/li>\n<li data-start=\"4278\" data-end=\"4375\">to receive your data in a structured format in accordance with Art. 20 GDPR (data portability),<\/li>\n<li data-start=\"4378\" data-end=\"4452\">to object to certain processing operations pursuant to Art. 21 GDPR,<\/li>\n<li data-start=\"4455\" data-end=\"4532\">to revoke consent given at any time in accordance with Art. 7 (3) GDPR,<\/li>\n<li data-start=\"4535\" data-end=\"4597\">to lodge a complaint with a supervisory authority (Art. 77 GDPR).<\/li>\n<\/ul>\n<hr data-start=\"4599\" data-end=\"4602\" \/>\n<h3 data-start=\"4604\" data-end=\"4668\">8. No obligation to appoint a data protection officer<\/h3>\n<p data-start=\"4670\" data-end=\"4765\">DTG Industries GmbH is <strong data-start=\"4698\" data-end=\"4764\">not obliged to appoint a data protection officer<\/strong>.<\/p>\n<hr data-start=\"4767\" data-end=\"4770\" \/>\n<h3 data-start=\"4772\" data-end=\"4798\">9. Status and changes<\/h3>\n<p data-start=\"4800\" data-end=\"4879\">This privacy policy is currently valid and is dated: <strong data-start=\"4865\" data-end=\"4878\">July 2025<\/strong>.<\/p>\n<p data-start=\"4881\" data-end=\"5009\">We reserve the right to adapt this privacy policy so that it always complies with current legal requirements.<\/p>\t\t\t\t\t\t\t\t<\/div>\n\t\t\t\t<\/div>\n\t\t\t\t\t<\/div>\n\t\t\t\t<\/div>\n\t\t\t\t<\/div>","protected":false},"excerpt":{"rendered":"<p>Datenschutzerkl\u00e4rung 1. Allgemeine Hinweise Diese Datenschutzerkl\u00e4rung informiert Sie \u00fcber die Art, den Umfang und Zweck der Verarbeitung personenbezogener Daten auf unserer Website. VerantwortlicherDTG Industries GmbHHaydnstra\u00dfe 490491 N\u00fcrnbergE-Mail: info@dtg-industries.deVertreten durch: Dr. Torsten Grundmann 2. Hosting Unsere Website wird bei der DomainFactory GmbH gehostet. Der Anbieter verarbeitet personenbezogene Daten in unserem Auftrag auf Grundlage eines Auftragsverarbeitungsvertrags gem\u00e4\u00df [&hellip;]<\/p>\n","protected":false},"author":1,"featured_media":0,"parent":0,"menu_order":9,"comment_status":"closed","ping_status":"closed","template":"","meta":{"site-sidebar-layout":"default","site-content-layout":"","ast-site-content-layout":"default","site-content-style":"default","site-sidebar-style":"default","ast-global-header-display":"","ast-banner-title-visibility":"","ast-main-header-display":"","ast-hfb-above-header-display":"","ast-hfb-below-header-display":"","ast-hfb-mobile-header-display":"","site-post-title":"","ast-breadcrumbs-content":"","ast-featured-img":"","footer-sml-layout":"","ast-disable-related-posts":"","theme-transparent-header-meta":"","adv-header-id-meta":"","stick-header-meta":"","header-above-stick-meta":"","header-main-stick-meta":"","header-below-stick-meta":"","astra-migrate-meta-layouts":"set","ast-page-background-enabled":"default","ast-page-background-meta":{"desktop":{"background-color":"","background-image":"","background-repeat":"repeat","background-position":"center center","background-size":"auto","background-attachment":"scroll","background-type":"","background-media":"","overlay-type":"","overlay-color":"","overlay-opacity":"","overlay-gradient":""},"tablet":{"background-color":"","background-image":"","background-repeat":"repeat","background-position":"center center","background-size":"auto","background-attachment":"scroll","background-type":"","background-media":"","overlay-type":"","overlay-color":"","overlay-opacity":"","overlay-gradient":""},"mobile":{"background-color":"","background-image":"","background-repeat":"repeat","background-position":"center center","background-size":"auto","background-attachment":"scroll","background-type":"","background-media":"","overlay-type":"","overlay-color":"","overlay-opacity":"","overlay-gradient":""}},"ast-content-background-meta":{"desktop":{"background-color":"var(--ast-global-color-5)","background-image":"","background-repeat":"repeat","background-position":"center center","background-size":"auto","background-attachment":"scroll","background-type":"","background-media":"","overlay-type":"","overlay-color":"","overlay-opacity":"","overlay-gradient":""},"tablet":{"background-color":"var(--ast-global-color-5)","background-image":"","background-repeat":"repeat","background-position":"center center","background-size":"auto","background-attachment":"scroll","background-type":"","background-media":"","overlay-type":"","overlay-color":"","overlay-opacity":"","overlay-gradient":""},"mobile":{"background-color":"var(--ast-global-color-5)","background-image":"","background-repeat":"repeat","background-position":"center center","background-size":"auto","background-attachment":"scroll","background-type":"","background-media":"","overlay-type":"","overlay-color":"","overlay-opacity":"","overlay-gradient":""}},"footnotes":""},"class_list":["post-3","page","type-page","status-publish","hentry"],"yoast_head":"<!-- This site is optimized with the Yoast SEO plugin v27.4 - https:\/\/yoast.com\/product\/yoast-seo-wordpress\/ -->\n<title>Datenschutzerkl\u00e4rung - DTG Global Supply<\/title>\n<meta name=\"robots\" content=\"index, follow, max-snippet:-1, max-image-preview:large, max-video-preview:-1\" \/>\n<link rel=\"canonical\" href=\"https:\/\/dtg-globalsupply.de\/en\/datenschutzerklaerung\/\" \/>\n<meta property=\"og:locale\" content=\"en_GB\" \/>\n<meta property=\"og:type\" content=\"article\" \/>\n<meta property=\"og:title\" content=\"Datenschutzerkl\u00e4rung - DTG Global Supply\" \/>\n<meta property=\"og:description\" content=\"Datenschutzerkl\u00e4rung 1. Allgemeine Hinweise Diese Datenschutzerkl\u00e4rung informiert Sie \u00fcber die Art, den Umfang und Zweck der Verarbeitung personenbezogener Daten auf unserer Website. VerantwortlicherDTG Industries GmbHHaydnstra\u00dfe 490491 N\u00fcrnbergE-Mail: info@dtg-industries.deVertreten durch: Dr. Torsten Grundmann 2. Hosting Unsere Website wird bei der DomainFactory GmbH gehostet. Der Anbieter verarbeitet personenbezogene Daten in unserem Auftrag auf Grundlage eines Auftragsverarbeitungsvertrags gem\u00e4\u00df [&hellip;]\" \/>\n<meta property=\"og:url\" content=\"https:\/\/dtg-globalsupply.de\/en\/datenschutzerklaerung\/\" \/>\n<meta property=\"og:site_name\" content=\"DTG Global Supply\" \/>\n<meta property=\"article:modified_time\" content=\"2025-08-16T08:28:18+00:00\" \/>\n<meta name=\"twitter:card\" content=\"summary_large_image\" \/>\n<meta name=\"twitter:label1\" content=\"Estimated reading time\" \/>\n\t<meta name=\"twitter:data1\" content=\"4 minutes\" \/>\n<script type=\"application\/ld+json\" class=\"yoast-schema-graph\">{\"@context\":\"https:\\\/\\\/schema.org\",\"@graph\":[{\"@type\":\"WebPage\",\"@id\":\"https:\\\/\\\/dtg-globalsupply.de\\\/en\\\/datenschutzerklaerung\\\/\",\"url\":\"https:\\\/\\\/dtg-globalsupply.de\\\/en\\\/datenschutzerklaerung\\\/\",\"name\":\"Datenschutzerkl\u00e4rung - DTG Global Supply\",\"isPartOf\":{\"@id\":\"https:\\\/\\\/dtg-globalsupply.de\\\/#website\"},\"datePublished\":\"2025-06-29T19:29:57+00:00\",\"dateModified\":\"2025-08-16T08:28:18+00:00\",\"breadcrumb\":{\"@id\":\"https:\\\/\\\/dtg-globalsupply.de\\\/en\\\/datenschutzerklaerung\\\/#breadcrumb\"},\"inLanguage\":\"en-GB\",\"potentialAction\":[{\"@type\":\"ReadAction\",\"target\":[\"https:\\\/\\\/dtg-globalsupply.de\\\/en\\\/datenschutzerklaerung\\\/\"]}]},{\"@type\":\"BreadcrumbList\",\"@id\":\"https:\\\/\\\/dtg-globalsupply.de\\\/en\\\/datenschutzerklaerung\\\/#breadcrumb\",\"itemListElement\":[{\"@type\":\"ListItem\",\"position\":1,\"name\":\"Startseite\",\"item\":\"https:\\\/\\\/dtg-globalsupply.de\\\/\"},{\"@type\":\"ListItem\",\"position\":2,\"name\":\"Datenschutzerkl\u00e4rung\"}]},{\"@type\":\"WebSite\",\"@id\":\"https:\\\/\\\/dtg-globalsupply.de\\\/#website\",\"url\":\"https:\\\/\\\/dtg-globalsupply.de\\\/\",\"name\":\"dtg-metalltechnik\",\"description\":\"Ihr Partner f&uuml;r die Fertigung in China\",\"publisher\":{\"@id\":\"https:\\\/\\\/dtg-globalsupply.de\\\/#organization\"},\"potentialAction\":[{\"@type\":\"SearchAction\",\"target\":{\"@type\":\"EntryPoint\",\"urlTemplate\":\"https:\\\/\\\/dtg-globalsupply.de\\\/?s={search_term_string}\"},\"query-input\":{\"@type\":\"PropertyValueSpecification\",\"valueRequired\":true,\"valueName\":\"search_term_string\"}}],\"inLanguage\":\"en-GB\"},{\"@type\":\"Organization\",\"@id\":\"https:\\\/\\\/dtg-globalsupply.de\\\/#organization\",\"name\":\"dtg-metalltechnik\",\"url\":\"https:\\\/\\\/dtg-globalsupply.de\\\/\",\"logo\":{\"@type\":\"ImageObject\",\"inLanguage\":\"en-GB\",\"@id\":\"https:\\\/\\\/dtg-globalsupply.de\\\/#\\\/schema\\\/logo\\\/image\\\/\",\"url\":\"https:\\\/\\\/dtg-globalsupply.de\\\/wp-content\\\/uploads\\\/2025\\\/11\\\/cropped-GS-scaled-1.jpg\",\"contentUrl\":\"https:\\\/\\\/dtg-globalsupply.de\\\/wp-content\\\/uploads\\\/2025\\\/11\\\/cropped-GS-scaled-1.jpg\",\"width\":512,\"height\":512,\"caption\":\"dtg-metalltechnik\"},\"image\":{\"@id\":\"https:\\\/\\\/dtg-globalsupply.de\\\/#\\\/schema\\\/logo\\\/image\\\/\"}}]}<\/script>\n<!-- \/ Yoast SEO plugin. -->","yoast_head_json":{"title":"Datenschutzerkl\u00e4rung - DTG Global Supply","robots":{"index":"index","follow":"follow","max-snippet":"max-snippet:-1","max-image-preview":"max-image-preview:large","max-video-preview":"max-video-preview:-1"},"canonical":"https:\/\/dtg-globalsupply.de\/en\/datenschutzerklaerung\/","og_locale":"en_GB","og_type":"article","og_title":"Datenschutzerkl\u00e4rung - DTG Global Supply","og_description":"Datenschutzerkl\u00e4rung 1. Allgemeine Hinweise Diese Datenschutzerkl\u00e4rung informiert Sie \u00fcber die Art, den Umfang und Zweck der Verarbeitung personenbezogener Daten auf unserer Website. VerantwortlicherDTG Industries GmbHHaydnstra\u00dfe 490491 N\u00fcrnbergE-Mail: info@dtg-industries.deVertreten durch: Dr. Torsten Grundmann 2. Hosting Unsere Website wird bei der DomainFactory GmbH gehostet. Der Anbieter verarbeitet personenbezogene Daten in unserem Auftrag auf Grundlage eines Auftragsverarbeitungsvertrags gem\u00e4\u00df [&hellip;]","og_url":"https:\/\/dtg-globalsupply.de\/en\/datenschutzerklaerung\/","og_site_name":"DTG Global Supply","article_modified_time":"2025-08-16T08:28:18+00:00","twitter_card":"summary_large_image","twitter_misc":{"Estimated reading time":"4 minutes"},"schema":{"@context":"https:\/\/schema.org","@graph":[{"@type":"WebPage","@id":"https:\/\/dtg-globalsupply.de\/en\/datenschutzerklaerung\/","url":"https:\/\/dtg-globalsupply.de\/en\/datenschutzerklaerung\/","name":"Datenschutzerkl\u00e4rung - DTG Global Supply","isPartOf":{"@id":"https:\/\/dtg-globalsupply.de\/#website"},"datePublished":"2025-06-29T19:29:57+00:00","dateModified":"2025-08-16T08:28:18+00:00","breadcrumb":{"@id":"https:\/\/dtg-globalsupply.de\/en\/datenschutzerklaerung\/#breadcrumb"},"inLanguage":"en-GB","potentialAction":[{"@type":"ReadAction","target":["https:\/\/dtg-globalsupply.de\/en\/datenschutzerklaerung\/"]}]},{"@type":"BreadcrumbList","@id":"https:\/\/dtg-globalsupply.de\/en\/datenschutzerklaerung\/#breadcrumb","itemListElement":[{"@type":"ListItem","position":1,"name":"Startseite","item":"https:\/\/dtg-globalsupply.de\/"},{"@type":"ListItem","position":2,"name":"Datenschutzerkl\u00e4rung"}]},{"@type":"WebSite","@id":"https:\/\/dtg-globalsupply.de\/#website","url":"https:\/\/dtg-globalsupply.de\/","name":"dtg-metal technology","description":"Ihr Partner f&uuml;r die Fertigung in China","publisher":{"@id":"https:\/\/dtg-globalsupply.de\/#organization"},"potentialAction":[{"@type":"SearchAction","target":{"@type":"EntryPoint","urlTemplate":"https:\/\/dtg-globalsupply.de\/?s={search_term_string}"},"query-input":{"@type":"PropertyValueSpecification","valueRequired":true,"valueName":"search_term_string"}}],"inLanguage":"en-GB"},{"@type":"Organization","@id":"https:\/\/dtg-globalsupply.de\/#organization","name":"dtg-metal technology","url":"https:\/\/dtg-globalsupply.de\/","logo":{"@type":"ImageObject","inLanguage":"en-GB","@id":"https:\/\/dtg-globalsupply.de\/#\/schema\/logo\/image\/","url":"https:\/\/dtg-globalsupply.de\/wp-content\/uploads\/2025\/11\/cropped-GS-scaled-1.jpg","contentUrl":"https:\/\/dtg-globalsupply.de\/wp-content\/uploads\/2025\/11\/cropped-GS-scaled-1.jpg","width":512,"height":512,"caption":"dtg-metalltechnik"},"image":{"@id":"https:\/\/dtg-globalsupply.de\/#\/schema\/logo\/image\/"}}]}},"_links":{"self":[{"href":"https:\/\/dtg-globalsupply.de\/en\/wp-json\/wp\/v2\/pages\/3","targetHints":{"allow":["GET"]}}],"collection":[{"href":"https:\/\/dtg-globalsupply.de\/en\/wp-json\/wp\/v2\/pages"}],"about":[{"href":"https:\/\/dtg-globalsupply.de\/en\/wp-json\/wp\/v2\/types\/page"}],"author":[{"embeddable":true,"href":"https:\/\/dtg-globalsupply.de\/en\/wp-json\/wp\/v2\/users\/1"}],"replies":[{"embeddable":true,"href":"https:\/\/dtg-globalsupply.de\/en\/wp-json\/wp\/v2\/comments?post=3"}],"version-history":[{"count":9,"href":"https:\/\/dtg-globalsupply.de\/en\/wp-json\/wp\/v2\/pages\/3\/revisions"}],"predecessor-version":[{"id":1411,"href":"https:\/\/dtg-globalsupply.de\/en\/wp-json\/wp\/v2\/pages\/3\/revisions\/1411"}],"wp:attachment":[{"href":"https:\/\/dtg-globalsupply.de\/en\/wp-json\/wp\/v2\/media?parent=3"}],"curies":[{"name":"wp","href":"https:\/\/api.w.org\/{rel}","templated":true}]}}